{"id":212,"date":"2020-06-03T20:48:33","date_gmt":"2020-06-03T20:48:33","guid":{"rendered":"https:\/\/filmscosmos.com\/en\/?page_id=212"},"modified":"2025-03-21T14:58:16","modified_gmt":"2025-03-21T14:58:16","slug":"projects","status":"publish","type":"page","link":"https:\/\/filmscosmos.com\/en\/projects\/","title":{"rendered":"Projects"},"content":{"rendered":"<section class=\"l-section wpb_row height_medium with_img parallax_ver\"><div class=\"l-section-img\" data-img-width=\"1280\" data-img-height=\"759\" style=\"background-image: url(https:\/\/filmscosmos.com\/wp-content\/uploads\/2023\/02\/cosmos-dark2.png);background-repeat: no-repeat;\"><\/div><div class=\"l-section-h i-cf\"><div class=\"g-cols vc_row via_flex valign_middle type_default stacking_default\"><div class=\"vc_col-sm-12 wpb_column vc_column_container\"><div class=\"vc_column-inner\"><div class=\"wpb_wrapper\"><h1 class=\"w-post-elm post_title us_custom_df5f4c97 has_text_color align_center entry-title color_link_inherit\">Projects<\/h1><div class=\"w-grid type_grid layout_292 cols_2 ratio_16x9\" id=\"us_grid_1\" data-filterable=\"true\"><style>#us_grid_1 .w-grid-item{padding:1.5rem}#us_grid_1 .w-grid-list{margin:-1.5rem -1.5rem 1.5rem}.w-grid + #us_grid_1 .w-grid-list,.w-grid-none + #us_grid_1 .w-grid-list{margin-top:1.5rem}@media (max-width:600px){#us_grid_1 .w-grid-list{margin:0}#us_grid_1 .w-grid-item{width:100%;padding:0;margin-bottom:1.5rem}}.layout_292 .w-grid-item-h:before{padding-bottom:56.25%}@media (min-width:601px){.layout_292 .w-grid-item.size_1x2 .w-grid-item-h:before{padding-bottom:calc(112.5% + 1.5rem + 1.5rem)}.layout_292 .w-grid-item.size_2x1 .w-grid-item-h:before{padding-bottom:calc(28.125% - 1.5rem * 0.5625)}.layout_292 .w-grid-item.size_2x2 .w-grid-item-h:before{padding-bottom:calc(56.25% - 1.5rem * -0.875)}}.layout_292 .w-grid-item-h{background:var(--color-header-middle-bg);color:#ffffff}.layout_292 .usg_post_image_1{transition-duration:0.4s;transform-origin:50% 50%;transform:scale(1) translate(0%,0%)}.layout_292 .w-grid-item-h:hover .usg_post_image_1{transform:scale(1.20) translate(0%,0%);opacity:1}.layout_292 .usg_vwrapper_1{transition-duration:0.3s;transform-origin:50% 50%;transform:scale(0) translate(0%,0%);opacity:0}.layout_292 .w-grid-item-h:hover .usg_vwrapper_1{transform:scale(1) translate(0%,0%);opacity:0.95}.layout_292 .usg_post_image_1{color:var(--color-header-middle-text)!important;text-align:center!important}.layout_292 .usg_vwrapper_1{position:absolute!important;top:1.3rem!important;right:1.3rem!important;bottom:1.3rem!important;left:1.3rem!important;padding:2rem!important;background:inherit!important}.layout_292 .usg_post_title_1{color:inherit!important;font-size:1.4rem!important}<\/style><div class=\"w-grid-list\">\t<article class=\"w-grid-item size_1x1 post-600 post type-post status-publish format-standard has-post-thumbnail hentry category-feature-film category-documentary tag-documentary tag-feature-film\" data-id=\"600\">\r\n\t\t<div class=\"w-grid-item-h\">\r\n\t\t\t\t\t\t\t<a class=\"w-grid-item-anchor\" href=\"https:\/\/filmscosmos.com\/en\/intercepted\/\" rel=\"bookmark\" aria-label=\"Intercepted\"><\/a>\r\n\t\t\t\t\t\t<div class=\"w-post-elm post_image usg_post_image_1 has_text_color has_ratio\"><div style=\"padding-bottom:56.25%\"><\/div><a href=\"https:\/\/filmscosmos.com\/en\/intercepted\/\" aria-label=\"Intercepted\"><img loading=\"lazy\" decoding=\"async\" width=\"600\" height=\"300\" src=\"https:\/\/filmscosmos.com\/wp-content\/uploads\/2023\/04\/30.09.2022.00_03_02_04.Still002-600x300.jpg\" class=\"attachment-us_600_300_crop size-us_600_300_crop wp-post-image\" alt=\"Man fishing on broken bridge\" \/><\/a><\/div><div class=\"w-vwrapper usg_vwrapper_1 align_center valign_middle\"><h2 class=\"w-post-elm post_title usg_post_title_1 has_text_color entry-title color_link_inherit\">Intercepted<\/h2><div class=\"w-post-elm post_taxonomy usg_post_taxonomy_1 style_simple color_link_inherit\"><a class=\"term-13 term-feature-film\" href=\"https:\/\/filmscosmos.com\/en\/category\/feature-film\/\">Feature Film<\/a>, <a class=\"term-11 term-documentary\" href=\"https:\/\/filmscosmos.com\/en\/category\/documentary\/\">Documentary<\/a><\/div><\/div>\t\t<\/div>\r\n\t<\/article>\r\n\t<article class=\"w-grid-item size_1x1 post-577 post type-post status-publish format-standard has-post-thumbnail hentry category-feature-film category-fiction tag-fiction tag-feature-film\" data-id=\"577\">\r\n\t\t<div class=\"w-grid-item-h\">\r\n\t\t\t\t\t\t\t<a class=\"w-grid-item-anchor\" href=\"https:\/\/filmscosmos.com\/en\/creatures-du-hasard\/\" rel=\"bookmark\" aria-label=\"Creatures of Chance\"><\/a>\r\n\t\t\t\t\t\t<div class=\"w-post-elm post_image usg_post_image_1 has_text_color has_ratio\"><div style=\"padding-bottom:56.25%\"><\/div><a href=\"https:\/\/filmscosmos.com\/en\/creatures-du-hasard\/\" aria-label=\"Creatures of Chance\"><img loading=\"lazy\" decoding=\"async\" width=\"600\" height=\"300\" src=\"https:\/\/filmscosmos.com\/wp-content\/uploads\/2020\/01\/CDH_Still-rushes_3_comp-600x300.jpg\" class=\"attachment-us_600_300_crop size-us_600_300_crop wp-post-image\" alt=\"\" \/><\/a><\/div><div class=\"w-vwrapper usg_vwrapper_1 align_center valign_middle\"><h2 class=\"w-post-elm post_title usg_post_title_1 has_text_color entry-title color_link_inherit\">Creatures of Chance<\/h2><div class=\"w-post-elm post_taxonomy usg_post_taxonomy_1 style_simple color_link_inherit\"><a class=\"term-13 term-feature-film\" href=\"https:\/\/filmscosmos.com\/en\/category\/feature-film\/\">Feature Film<\/a>, <a class=\"term-10 term-fiction\" href=\"https:\/\/filmscosmos.com\/en\/category\/fiction\/\">Fiction<\/a><\/div><\/div>\t\t<\/div>\r\n\t<\/article>\r\n\t<article class=\"w-grid-item size_1x1 post-1117 post type-post status-publish format-standard has-post-thumbnail hentry category-short-film category-fiction tag-short-film tag-fiction\" data-id=\"1117\">\r\n\t\t<div class=\"w-grid-item-h\">\r\n\t\t\t\t\t\t\t<a class=\"w-grid-item-anchor\" href=\"https:\/\/filmscosmos.com\/en\/lumen\/\" rel=\"bookmark\" aria-label=\"Lumen\"><\/a>\r\n\t\t\t\t\t\t<div class=\"w-post-elm post_image usg_post_image_1 has_text_color has_ratio\"><div style=\"padding-bottom:56.25%\"><\/div><a href=\"https:\/\/filmscosmos.com\/en\/lumen\/\" aria-label=\"Lumen\"><img loading=\"lazy\" decoding=\"async\" width=\"600\" height=\"300\" src=\"https:\/\/filmscosmos.com\/wp-content\/uploads\/2023\/04\/Lumen-Photo-Site-Web-600x300.png\" class=\"attachment-us_600_300_crop size-us_600_300_crop wp-post-image\" alt=\"Claude is in front of her computer, there are frames all over her wall, she is wearing a flowered blouse\" \/><\/a><\/div><div class=\"w-vwrapper usg_vwrapper_1 align_center valign_middle\"><h2 class=\"w-post-elm post_title usg_post_title_1 has_text_color entry-title color_link_inherit\">Lumen<\/h2><div class=\"w-post-elm post_taxonomy usg_post_taxonomy_1 style_simple color_link_inherit\"><a class=\"term-12 term-short-film\" href=\"https:\/\/filmscosmos.com\/en\/category\/short-film\/\">Short Film<\/a>, <a class=\"term-10 term-fiction\" href=\"https:\/\/filmscosmos.com\/en\/category\/fiction\/\">Fiction<\/a><\/div><\/div>\t\t<\/div>\r\n\t<\/article>\r\n\t<article class=\"w-grid-item size_1x1 post-615 post type-post status-publish format-standard has-post-thumbnail hentry category-short-film category-fiction tag-short-film tag-fiction\" data-id=\"615\">\r\n\t\t<div class=\"w-grid-item-h\">\r\n\t\t\t\t\t\t\t<a class=\"w-grid-item-anchor\" href=\"https:\/\/filmscosmos.com\/en\/elgrito\/\" rel=\"bookmark\" aria-label=\"El  Grito\"><\/a>\r\n\t\t\t\t\t\t<div class=\"w-post-elm post_image usg_post_image_1 has_text_color has_ratio\"><div style=\"padding-bottom:56.25%\"><\/div><a href=\"https:\/\/filmscosmos.com\/en\/elgrito\/\" aria-label=\"El  Grito\"><img loading=\"lazy\" decoding=\"async\" width=\"600\" height=\"300\" src=\"https:\/\/filmscosmos.com\/wp-content\/uploads\/2021\/11\/1_1.1.3-600x300.jpg\" class=\"attachment-us_600_300_crop size-us_600_300_crop wp-post-image\" alt=\"Extrait du Cinqui\u00e8me Soleil mettant en sc\u00e8ne deux hommes se combattant sous un soleil ardant\" \/><\/a><\/div><div class=\"w-vwrapper usg_vwrapper_1 align_center valign_middle\"><h2 class=\"w-post-elm post_title usg_post_title_1 has_text_color entry-title color_link_inherit\">El  Grito<\/h2><div class=\"w-post-elm post_taxonomy usg_post_taxonomy_1 style_simple color_link_inherit\"><a class=\"term-12 term-short-film\" href=\"https:\/\/filmscosmos.com\/en\/category\/short-film\/\">Short Film<\/a>, <a class=\"term-10 term-fiction\" href=\"https:\/\/filmscosmos.com\/en\/category\/fiction\/\">Fiction<\/a><\/div><\/div>\t\t<\/div>\r\n\t<\/article>\r\n\t<article class=\"w-grid-item size_1x1 post-589 post type-post status-publish format-standard has-post-thumbnail hentry category-short-film category-fiction tag-fiction tag-short-film\" data-id=\"589\">\r\n\t\t<div class=\"w-grid-item-h\">\r\n\t\t\t\t\t\t\t<a class=\"w-grid-item-anchor\" href=\"https:\/\/filmscosmos.com\/en\/lana\/\" rel=\"bookmark\" aria-label=\"Lana\"><\/a>\r\n\t\t\t\t\t\t<div class=\"w-post-elm post_image usg_post_image_1 has_text_color has_ratio\"><div style=\"padding-bottom:56.25%\"><\/div><a href=\"https:\/\/filmscosmos.com\/en\/lana\/\" aria-label=\"Lana\"><img loading=\"lazy\" decoding=\"async\" width=\"600\" height=\"300\" src=\"https:\/\/filmscosmos.com\/wp-content\/uploads\/2021\/11\/Capture-decran-le-2023-09-25-a-07.13.37-600x300.png\" class=\"attachment-us_600_300_crop size-us_600_300_crop wp-post-image\" alt=\"\" \/><\/a><\/div><div class=\"w-vwrapper usg_vwrapper_1 align_center valign_middle\"><h2 class=\"w-post-elm post_title usg_post_title_1 has_text_color entry-title color_link_inherit\">Lana<\/h2><div class=\"w-post-elm post_taxonomy usg_post_taxonomy_1 style_simple color_link_inherit\"><a class=\"term-12 term-short-film\" href=\"https:\/\/filmscosmos.com\/en\/category\/short-film\/\">Short Film<\/a>, <a class=\"term-10 term-fiction\" href=\"https:\/\/filmscosmos.com\/en\/category\/fiction\/\">Fiction<\/a><\/div><\/div>\t\t<\/div>\r\n\t<\/article>\r\n\t<article class=\"w-grid-item size_1x1 post-330 post type-post status-publish format-standard has-post-thumbnail hentry category-short-film category-fiction tag-fiction tag-short-film\" data-id=\"330\">\r\n\t\t<div class=\"w-grid-item-h\">\r\n\t\t\t\t\t\t\t<a class=\"w-grid-item-anchor\" href=\"https:\/\/filmscosmos.com\/en\/fashion-fiction\/\" rel=\"bookmark\" aria-label=\"Fashion Fiction\"><\/a>\r\n\t\t\t\t\t\t<div class=\"w-post-elm post_image usg_post_image_1 has_text_color has_ratio\"><div style=\"padding-bottom:56.25%\"><\/div><a href=\"https:\/\/filmscosmos.com\/en\/fashion-fiction\/\" aria-label=\"Fashion Fiction\"><img loading=\"lazy\" decoding=\"async\" width=\"528\" height=\"300\" src=\"https:\/\/filmscosmos.com\/wp-content\/uploads\/2020\/06\/Fashion-fiction_Main-Photo.jpg\" class=\"attachment-us_600_300_crop size-us_600_300_crop wp-post-image\" alt=\"Extrait de Fashion Fiction mettant en sc\u00e8ne une jeune femme a proximit\u00e9 d\u2019un grand triangle \u00e9quilat\u00e9ral illumin\u00e9 en rouge sur un fond blanc\" srcset=\"https:\/\/filmscosmos.com\/wp-content\/uploads\/2020\/06\/Fashion-fiction_Main-Photo.jpg 1800w, https:\/\/filmscosmos.com\/wp-content\/uploads\/2020\/06\/Fashion-fiction_Main-Photo-300x171.jpg 300w, https:\/\/filmscosmos.com\/wp-content\/uploads\/2020\/06\/Fashion-fiction_Main-Photo-1024x582.jpg 1024w, https:\/\/filmscosmos.com\/wp-content\/uploads\/2020\/06\/Fashion-fiction_Main-Photo-500x284.jpg 500w\" sizes=\"auto, (max-width: 528px) 100vw, 528px\" \/><\/a><\/div><div class=\"w-vwrapper usg_vwrapper_1 align_center valign_middle\"><h2 class=\"w-post-elm post_title usg_post_title_1 has_text_color entry-title color_link_inherit\">Fashion Fiction<\/h2><div class=\"w-post-elm post_taxonomy usg_post_taxonomy_1 style_simple color_link_inherit\"><a class=\"term-12 term-short-film\" href=\"https:\/\/filmscosmos.com\/en\/category\/short-film\/\">Short Film<\/a>, <a class=\"term-10 term-fiction\" href=\"https:\/\/filmscosmos.com\/en\/category\/fiction\/\">Fiction<\/a><\/div><\/div>\t\t<\/div>\r\n\t<\/article>\r\n<\/div><div class=\"w-grid-preloader\"><div class=\"g-preloader type_1\">\r\n\t<div><\/div>\r\n<\/div>\r\n<\/div>\t\t<div class=\"g-loadmore \">\r\n\t\t\t<div class=\"g-preloader type_1\">\r\n\t\t\t\t<div><\/div>\r\n\t\t\t<\/div>\r\n\t\t\t<button class=\"w-btn us-btn-style_1\">\r\n\t\t\t\t<span class=\"w-btn-label\">Load More<\/span>\r\n\t\t\t<\/button>\r\n\t\t<\/div>\r\n\t\t\t<div class=\"w-grid-json hidden\" onclick='return {&quot;action&quot;:&quot;us_ajax_grid&quot;,&quot;ajax_url&quot;:&quot;https:\\\/\\\/filmscosmos.com\\\/wp-admin\\\/admin-ajax.php&quot;,&quot;infinite_scroll&quot;:true,&quot;max_num_pages&quot;:2,&quot;pagination&quot;:&quot;ajax&quot;,&quot;permalink_url&quot;:&quot;https:\\\/\\\/filmscosmos.com\\\/en\\\/wp-json\\\/wp\\\/v2\\\/pages\\\/212&quot;,&quot;template_vars&quot;:{&quot;columns&quot;:&quot;2&quot;,&quot;exclude_items&quot;:&quot;none&quot;,&quot;img_size&quot;:&quot;us_600_300_crop&quot;,&quot;ignore_items_size&quot;:0,&quot;items_layout&quot;:&quot;292&quot;,&quot;items_offset&quot;:&quot;1&quot;,&quot;load_animation&quot;:&quot;none&quot;,&quot;overriding_link&quot;:&quot;post&quot;,&quot;post_id&quot;:212,&quot;query_args&quot;:{&quot;post_type&quot;:[&quot;post&quot;],&quot;post_status&quot;:[&quot;publish&quot;],&quot;posts_per_page&quot;:&quot;6&quot;},&quot;orderby_query_args&quot;:{&quot;orderby&quot;:{&quot;modified&quot;:&quot;DESC&quot;,&quot;date&quot;:&quot;DESC&quot;}},&quot;type&quot;:&quot;grid&quot;,&quot;us_grid_ajax_index&quot;:1,&quot;us_grid_filter_params&quot;:null,&quot;us_grid_index&quot;:1,&quot;_us_grid_post_type&quot;:&quot;post&quot;}}'><\/div>\r\n\t<\/div><\/div><\/div><\/div><\/div><\/div><\/section>\n","protected":false},"excerpt":{"rendered":"","protected":false},"author":1,"featured_media":0,"parent":0,"menu_order":2,"comment_status":"closed","ping_status":"closed","template":"","meta":{"_mi_skip_tracking":false,"footnotes":""},"class_list":["post-212","page","type-page","status-publish","hentry"],"yoast_head":"<!-- This site is optimized with the Yoast SEO plugin v20.1 - https:\/\/yoast.com\/wordpress\/plugins\/seo\/ -->\n<title>Projects - Independent Feature and Short Films - Cosmos Films<\/title>\n<meta name=\"description\" content=\"Cosmos Films is an independent film production company based in Montreal. Discover our diverse projects ranging from fiction to documentaries.\" \/>\n<meta name=\"robots\" content=\"index, follow, max-snippet:-1, max-image-preview:large, max-video-preview:-1\" \/>\n<link rel=\"canonical\" href=\"https:\/\/filmscosmos.com\/en\/projects\/\" \/>\n<meta property=\"og:locale\" content=\"en_US\" \/>\n<meta property=\"og:type\" content=\"article\" \/>\n<meta property=\"og:title\" content=\"Projects\" \/>\n<meta property=\"og:description\" content=\"Cosmos Films is an independent film production company based in Montreal. Discover our diverse projects ranging from fiction to documentaries.\" \/>\n<meta property=\"og:url\" content=\"https:\/\/filmscosmos.com\/en\/projects\/\" \/>\n<meta property=\"og:site_name\" content=\"Cosmos Films\" \/>\n<meta property=\"article:modified_time\" content=\"2025-03-21T14:58:16+00:00\" \/>\n<meta name=\"twitter:card\" content=\"summary_large_image\" \/>\n<meta name=\"twitter:label1\" content=\"Est. reading time\" \/>\n\t<meta name=\"twitter:data1\" content=\"1 minute\" \/>\n<!-- \/ Yoast SEO plugin. -->","yoast_head_json":{"title":"Projects - Independent Feature and Short Films - Cosmos Films","description":"Cosmos Films is an independent film production company based in Montreal. Discover our diverse projects ranging from fiction to documentaries.","robots":{"index":"index","follow":"follow","max-snippet":"max-snippet:-1","max-image-preview":"max-image-preview:large","max-video-preview":"max-video-preview:-1"},"canonical":"https:\/\/filmscosmos.com\/en\/projects\/","og_locale":"en_US","og_type":"article","og_title":"[:en]Projects[:fr]Projets[:] - Independent Feature and Short Films - Cosmos Films","og_description":"Cosmos Films is an independent film production company based in Montreal. Discover our diverse projects ranging from fiction to documentaries.","og_url":"https:\/\/filmscosmos.com\/en\/projects\/","og_site_name":"Cosmos Films","article_modified_time":"2025-03-21T14:58:16+00:00","twitter_card":"summary_large_image","twitter_misc":{"Est. reading time":"1 minute"},"schema":{"@context":"https:\/\/schema.org","@graph":[{"@type":"WebPage","@id":"https:\/\/filmscosmos.com\/en\/projects\/","url":"https:\/\/filmscosmos.com\/en\/projects\/","name":"[:en]Projects[:fr]Projets[:] - Independent Feature and Short Films - Cosmos Films","isPartOf":{"@id":"https:\/\/filmscosmos.com\/#website"},"datePublished":"2020-06-03T20:48:33+00:00","dateModified":"2025-03-21T14:58:16+00:00","description":"Cosmos Films is an independent film production company based in Montreal. Discover our diverse projects ranging from fiction to documentaries.","breadcrumb":{"@id":"https:\/\/filmscosmos.com\/en\/projects\/#breadcrumb"},"inLanguage":"en-US","potentialAction":[{"@type":"ReadAction","target":["https:\/\/filmscosmos.com\/en\/projects\/"]}]},{"@type":"BreadcrumbList","@id":"https:\/\/filmscosmos.com\/en\/projects\/#breadcrumb","itemListElement":[{"@type":"ListItem","position":1,"name":"Home","item":"https:\/\/filmscosmos.com\/"},{"@type":"ListItem","position":2,"name":"Projects"}]},{"@type":"WebSite","@id":"https:\/\/filmscosmos.com\/#website","url":"https:\/\/filmscosmos.com\/","name":"Cosmos Films","description":"Cr\u00e9ation collective","potentialAction":[{"@type":"SearchAction","target":{"@type":"EntryPoint","urlTemplate":"https:\/\/filmscosmos.com\/?s={search_term_string}"},"query-input":"required name=search_term_string"}],"inLanguage":"en-US"}]}},"_links":{"self":[{"href":"https:\/\/filmscosmos.com\/en\/wp-json\/wp\/v2\/pages\/212","targetHints":{"allow":["GET"]}}],"collection":[{"href":"https:\/\/filmscosmos.com\/en\/wp-json\/wp\/v2\/pages"}],"about":[{"href":"https:\/\/filmscosmos.com\/en\/wp-json\/wp\/v2\/types\/page"}],"author":[{"embeddable":true,"href":"https:\/\/filmscosmos.com\/en\/wp-json\/wp\/v2\/users\/1"}],"replies":[{"embeddable":true,"href":"https:\/\/filmscosmos.com\/en\/wp-json\/wp\/v2\/comments?post=212"}],"version-history":[{"count":6,"href":"https:\/\/filmscosmos.com\/en\/wp-json\/wp\/v2\/pages\/212\/revisions"}],"predecessor-version":[{"id":1069,"href":"https:\/\/filmscosmos.com\/en\/wp-json\/wp\/v2\/pages\/212\/revisions\/1069"}],"wp:attachment":[{"href":"https:\/\/filmscosmos.com\/en\/wp-json\/wp\/v2\/media?parent=212"}],"curies":[{"name":"wp","href":"https:\/\/api.w.org\/{rel}","templated":true}]}}