{"id":95,"date":"2019-08-26T16:43:06","date_gmt":"2019-08-26T16:43:06","guid":{"rendered":"https:\/\/filmscosmos.com\/?page_id=95"},"modified":"2023-02-20T20:06:35","modified_gmt":"2023-02-20T20:06:35","slug":"home","status":"publish","type":"page","link":"https:\/\/filmscosmos.com\/en\/","title":{"rendered":"Home"},"content":{"rendered":"<section class=\"l-section wpb_row height_medium full_height valign_center color_alternate with_img parallax_ver\"><div class=\"l-section-img\" data-img-width=\"1280\" data-img-height=\"759\" style=\"background-image: url(https:\/\/filmscosmos.com\/wp-content\/uploads\/2023\/02\/cosmos-dark2.png);background-repeat: no-repeat;\"><\/div><div class=\"l-section-h i-cf\"><div class=\"g-cols vc_row via_flex valign_middle type_default stacking_default\"><div class=\"vc_col-sm-6 wpb_column vc_column_container\"><div class=\"vc_column-inner us_custom_47d40b1d us_animate_this\"><div class=\"wpb_wrapper\"><div class=\"w-image us_custom_9ea4df0c us_animate_this align_center\"><div class=\"w-image-h\"><img loading=\"lazy\" decoding=\"async\" width=\"1024\" height=\"330\" src=\"https:\/\/filmscosmos.com\/wp-content\/uploads\/2023\/02\/CosmosLogo_blanc_en2-1024x330.png\" class=\"attachment-large size-large\" alt=\"\" srcset=\"https:\/\/filmscosmos.com\/wp-content\/uploads\/2023\/02\/CosmosLogo_blanc_en2-1024x330.png 1024w, https:\/\/filmscosmos.com\/wp-content\/uploads\/2023\/02\/CosmosLogo_blanc_en2-300x97.png 300w, https:\/\/filmscosmos.com\/wp-content\/uploads\/2023\/02\/CosmosLogo_blanc_en2-500x161.png 500w, https:\/\/filmscosmos.com\/wp-content\/uploads\/2023\/02\/CosmosLogo_blanc_en2.png 1862w\" sizes=\"auto, (max-width: 1024px) 100vw, 1024px\" \/><\/div><\/div><\/div><\/div><\/div><div class=\"vc_col-sm-6 wpb_column vc_column_container\"><div class=\"vc_column-inner us_custom_22ef20ae us_animate_this\"><div class=\"wpb_wrapper\"><div class=\"w-image us_custom_de366d1c us_animate_this align_center\"><div class=\"w-image-h\"><img loading=\"lazy\" decoding=\"async\" width=\"676\" height=\"816\" src=\"https:\/\/filmscosmos.com\/wp-content\/uploads\/2023\/02\/astro-lt.png\" class=\"attachment-full size-full\" alt=\"\" srcset=\"https:\/\/filmscosmos.com\/wp-content\/uploads\/2023\/02\/astro-lt.png 676w, https:\/\/filmscosmos.com\/wp-content\/uploads\/2023\/02\/astro-lt-249x300.png 249w, https:\/\/filmscosmos.com\/wp-content\/uploads\/2023\/02\/astro-lt-497x600.png 497w, https:\/\/filmscosmos.com\/wp-content\/uploads\/2023\/02\/astro-lt-414x500.png 414w\" sizes=\"auto, (max-width: 676px) 100vw, 676px\" \/><\/div><\/div><\/div><\/div><\/div><div class=\"vc_col-sm-12 wpb_column vc_column_container\"><div class=\"vc_column-inner\"><div class=\"wpb_wrapper\"><\/div><\/div><\/div><\/div><\/div><\/section>\n","protected":false},"excerpt":{"rendered":"","protected":false},"author":1,"featured_media":114,"parent":0,"menu_order":0,"comment_status":"closed","ping_status":"closed","template":"","meta":{"_mi_skip_tracking":false,"footnotes":""},"class_list":["post-95","page","type-page","status-publish","has-post-thumbnail","hentry"],"yoast_head":"<!-- This site is optimized with the Yoast SEO plugin v20.1 - https:\/\/yoast.com\/wordpress\/plugins\/seo\/ -->\n<title>Les Films Cosmos - Production de Films Ind\u00e9pendants \u00e0 Montr\u00e9al<\/title>\n<meta name=\"description\" content=\"Les Films Cosmos est une maison de production de films ind\u00e9pendants bas\u00e9e \u00e0 Montr\u00e9al. Elle accompagne d\u2019\u00e2me et de c\u0153ur les cr\u00e9ateurs sous repr\u00e9sent\u00e9s.\" \/>\n<meta name=\"robots\" content=\"index, follow, max-snippet:-1, max-image-preview:large, max-video-preview:-1\" \/>\n<link rel=\"canonical\" href=\"https:\/\/filmscosmos.com\/\" \/>\n<meta property=\"og:locale\" content=\"en_US\" \/>\n<meta property=\"og:type\" content=\"article\" \/>\n<meta property=\"og:title\" content=\"Les Films Cosmos - Production de Films Ind\u00e9pendants \u00e0 Montr\u00e9al\" \/>\n<meta property=\"og:description\" content=\"Les Films Cosmos est une maison de production de films ind\u00e9pendants bas\u00e9e \u00e0 Montr\u00e9al. Elle accompagne d\u2019\u00e2me et de c\u0153ur les cr\u00e9ateurs sous repr\u00e9sent\u00e9s.\" \/>\n<meta property=\"og:url\" content=\"https:\/\/filmscosmos.com\/\" \/>\n<meta property=\"og:site_name\" content=\"Cosmos Films\" \/>\n<meta property=\"article:modified_time\" content=\"2023-02-20T20:06:35+00:00\" \/>\n<meta property=\"og:image\" content=\"https:\/\/filmscosmos.com\/wp-content\/uploads\/2019\/08\/cosmos-astronaut.png\" \/>\n\t<meta property=\"og:image:width\" content=\"2497\" \/>\n\t<meta property=\"og:image:height\" content=\"2987\" \/>\n\t<meta property=\"og:image:type\" content=\"image\/png\" \/>\n<meta name=\"twitter:card\" content=\"summary_large_image\" \/>\n<meta name=\"twitter:label1\" content=\"Est. reading time\" \/>\n\t<meta name=\"twitter:data1\" content=\"1 minute\" \/>\n<!-- \/ Yoast SEO plugin. -->","yoast_head_json":{"title":"Les Films Cosmos - Production de Films Ind\u00e9pendants \u00e0 Montr\u00e9al","description":"Les Films Cosmos est une maison de production de films ind\u00e9pendants bas\u00e9e \u00e0 Montr\u00e9al. Elle accompagne d\u2019\u00e2me et de c\u0153ur les cr\u00e9ateurs sous repr\u00e9sent\u00e9s.","robots":{"index":"index","follow":"follow","max-snippet":"max-snippet:-1","max-image-preview":"max-image-preview:large","max-video-preview":"max-video-preview:-1"},"canonical":"https:\/\/filmscosmos.com\/","og_locale":"en_US","og_type":"article","og_title":"Les Films Cosmos - Production de Films Ind\u00e9pendants \u00e0 Montr\u00e9al","og_description":"Les Films Cosmos est une maison de production de films ind\u00e9pendants bas\u00e9e \u00e0 Montr\u00e9al. Elle accompagne d\u2019\u00e2me et de c\u0153ur les cr\u00e9ateurs sous repr\u00e9sent\u00e9s.","og_url":"https:\/\/filmscosmos.com\/","og_site_name":"Cosmos Films","article_modified_time":"2023-02-20T20:06:35+00:00","og_image":[{"width":2497,"height":2987,"url":"https:\/\/filmscosmos.com\/wp-content\/uploads\/2019\/08\/cosmos-astronaut.png","type":"image\/png"}],"twitter_card":"summary_large_image","twitter_misc":{"Est. reading time":"1 minute"},"schema":{"@context":"https:\/\/schema.org","@graph":[{"@type":"WebPage","@id":"https:\/\/filmscosmos.com\/","url":"https:\/\/filmscosmos.com\/","name":"Les Films Cosmos - Production de Films Ind\u00e9pendants \u00e0 Montr\u00e9al","isPartOf":{"@id":"https:\/\/filmscosmos.com\/#website"},"datePublished":"2019-08-26T16:43:06+00:00","dateModified":"2023-02-20T20:06:35+00:00","description":"Les Films Cosmos est une maison de production de films ind\u00e9pendants bas\u00e9e \u00e0 Montr\u00e9al. Elle accompagne d\u2019\u00e2me et de c\u0153ur les cr\u00e9ateurs sous repr\u00e9sent\u00e9s.","breadcrumb":{"@id":"https:\/\/filmscosmos.com\/#breadcrumb"},"inLanguage":"en-US","potentialAction":[{"@type":"ReadAction","target":["https:\/\/filmscosmos.com\/"]}]},{"@type":"BreadcrumbList","@id":"https:\/\/filmscosmos.com\/#breadcrumb","itemListElement":[{"@type":"ListItem","position":1,"name":"Home","item":"https:\/\/filmscosmos.com\/"},{"@type":"ListItem","position":2,"name":"Accueil"}]},{"@type":"WebSite","@id":"https:\/\/filmscosmos.com\/#website","url":"https:\/\/filmscosmos.com\/","name":"Cosmos Films","description":"Cr\u00e9ation collective","potentialAction":[{"@type":"SearchAction","target":{"@type":"EntryPoint","urlTemplate":"https:\/\/filmscosmos.com\/?s={search_term_string}"},"query-input":"required name=search_term_string"}],"inLanguage":"en-US"}]}},"_links":{"self":[{"href":"https:\/\/filmscosmos.com\/en\/wp-json\/wp\/v2\/pages\/95","targetHints":{"allow":["GET"]}}],"collection":[{"href":"https:\/\/filmscosmos.com\/en\/wp-json\/wp\/v2\/pages"}],"about":[{"href":"https:\/\/filmscosmos.com\/en\/wp-json\/wp\/v2\/types\/page"}],"author":[{"embeddable":true,"href":"https:\/\/filmscosmos.com\/en\/wp-json\/wp\/v2\/users\/1"}],"replies":[{"embeddable":true,"href":"https:\/\/filmscosmos.com\/en\/wp-json\/wp\/v2\/comments?post=95"}],"version-history":[{"count":5,"href":"https:\/\/filmscosmos.com\/en\/wp-json\/wp\/v2\/pages\/95\/revisions"}],"predecessor-version":[{"id":664,"href":"https:\/\/filmscosmos.com\/en\/wp-json\/wp\/v2\/pages\/95\/revisions\/664"}],"wp:featuredmedia":[{"embeddable":true,"href":"https:\/\/filmscosmos.com\/en\/wp-json\/wp\/v2\/media\/114"}],"wp:attachment":[{"href":"https:\/\/filmscosmos.com\/en\/wp-json\/wp\/v2\/media?parent=95"}],"curies":[{"name":"wp","href":"https:\/\/api.w.org\/{rel}","templated":true}]}}